{"id":452,"date":"2018-11-27T09:17:56","date_gmt":"2018-11-27T09:17:56","guid":{"rendered":"https:\/\/www.paseosenbarcaalbufera.site\/?page_id=452"},"modified":"2020-08-27T10:47:08","modified_gmt":"2020-08-27T10:47:08","slug":"contact","status":"publish","type":"page","link":"https:\/\/www.paseosenbarcaalbufera.site\/copia_web\/?page_id=452","title":{"rendered":"Contacto"},"content":{"rendered":"\t\t<div data-elementor-type=\"wp-post\" data-elementor-id=\"452\" class=\"elementor elementor-452\">\n\t\t\t\t\t\t<div class=\"elementor-inner\">\n\t\t\t\t<div class=\"elementor-section-wrap\">\n\t\t\t\t\t\t\t\t\t<section class=\"elementor-section elementor-top-section elementor-element elementor-element-3906703 elementor-section-boxed elementor-section-height-default elementor-section-height-default\" data-id=\"3906703\" data-element_type=\"section\" data-settings=\"{&quot;background_background&quot;:&quot;classic&quot;}\">\n\t\t\t\t\t\t\t<div class=\"elementor-background-overlay\"><\/div>\n\t\t\t\t\t\t\t<div class=\"elementor-container elementor-column-gap-default\">\n\t\t\t\t\t\t\t<div class=\"elementor-row\">\n\t\t\t\t\t<div class=\"elementor-column elementor-col-33 elementor-top-column elementor-element elementor-element-5b80d24\" data-id=\"5b80d24\" data-element_type=\"column\">\n\t\t\t<div class=\"elementor-column-wrap\">\n\t\t\t\t\t\t\t<div class=\"elementor-widget-wrap\">\n\t\t\t\t\t\t\t\t<\/div>\n\t\t\t\t\t<\/div>\n\t\t<\/div>\n\t\t\t\t<div class=\"elementor-column elementor-col-33 elementor-top-column elementor-element elementor-element-24c9f1f\" data-id=\"24c9f1f\" data-element_type=\"column\">\n\t\t\t<div class=\"elementor-column-wrap elementor-element-populated\">\n\t\t\t\t\t\t\t<div class=\"elementor-widget-wrap\">\n\t\t\t\t\t\t<div class=\"elementor-element elementor-element-a5e247a elementor-widget elementor-widget-heading\" data-id=\"a5e247a\" data-element_type=\"widget\" data-widget_type=\"heading.default\">\n\t\t\t\t<div class=\"elementor-widget-container\">\n\t\t\t<h1 class=\"elementor-heading-title elementor-size-default\">Contacto<\/h1>\t\t<\/div>\n\t\t\t\t<\/div>\n\t\t\t\t\t\t<\/div>\n\t\t\t\t\t<\/div>\n\t\t<\/div>\n\t\t\t\t<div class=\"elementor-column elementor-col-33 elementor-top-column elementor-element elementor-element-9a08ab1\" data-id=\"9a08ab1\" data-element_type=\"column\">\n\t\t\t<div class=\"elementor-column-wrap\">\n\t\t\t\t\t\t\t<div class=\"elementor-widget-wrap\">\n\t\t\t\t\t\t\t\t<\/div>\n\t\t\t\t\t<\/div>\n\t\t<\/div>\n\t\t\t\t\t\t\t\t<\/div>\n\t\t\t\t\t<\/div>\n\t\t<\/section>\n\t\t\t\t<section class=\"elementor-section elementor-top-section elementor-element elementor-element-34cbd81 elementor-section-boxed elementor-section-height-default elementor-section-height-default\" data-id=\"34cbd81\" data-element_type=\"section\" data-settings=\"{&quot;background_background&quot;:&quot;classic&quot;}\">\n\t\t\t\t\t\t<div class=\"elementor-container elementor-column-gap-default\">\n\t\t\t\t\t\t\t<div class=\"elementor-row\">\n\t\t\t\t\t<div class=\"elementor-column elementor-col-100 elementor-top-column elementor-element elementor-element-1dfb88a\" data-id=\"1dfb88a\" data-element_type=\"column\">\n\t\t\t<div class=\"elementor-column-wrap elementor-element-populated\">\n\t\t\t\t\t\t\t<div class=\"elementor-widget-wrap\">\n\t\t\t\t\t\t<section class=\"elementor-section elementor-inner-section elementor-element elementor-element-8672813 elementor-section-boxed elementor-section-height-default elementor-section-height-default\" data-id=\"8672813\" data-element_type=\"section\">\n\t\t\t\t\t\t<div class=\"elementor-container elementor-column-gap-default\">\n\t\t\t\t\t\t\t<div class=\"elementor-row\">\n\t\t\t\t\t<div class=\"elementor-column elementor-col-50 elementor-inner-column elementor-element elementor-element-21ad806\" data-id=\"21ad806\" data-element_type=\"column\" data-settings=\"{&quot;background_background&quot;:&quot;classic&quot;}\">\n\t\t\t<div class=\"elementor-column-wrap elementor-element-populated\">\n\t\t\t\t\t<div class=\"elementor-background-overlay\"><\/div>\n\t\t\t\t\t\t\t<div class=\"elementor-widget-wrap\">\n\t\t\t\t\t\t<div class=\"elementor-element elementor-element-74c0dbc elementor-widget elementor-widget-heading\" data-id=\"74c0dbc\" data-element_type=\"widget\" data-widget_type=\"heading.default\">\n\t\t\t\t<div class=\"elementor-widget-container\">\n\t\t\t<h2 class=\"elementor-heading-title elementor-size-default\">d\u00f3nde estamos<\/h2>\t\t<\/div>\n\t\t\t\t<\/div>\n\t\t\t\t<div class=\"elementor-element elementor-element-b505b2a elementor-widget elementor-widget-text-editor\" data-id=\"b505b2a\" data-element_type=\"widget\" data-widget_type=\"text-editor.default\">\n\t\t\t\t<div class=\"elementor-widget-container\">\n\t\t\t\t\t\t\t\t<div class=\"elementor-text-editor elementor-clearfix\">\n\t\t\t\t<p>El Palmar es una pedan\u00eda de la ciudad de Valencia. Es accesible mediante el <strong>bus<\/strong> n\u00ba <strong>24<\/strong> de la <a href=\"https:\/\/www.emtvalencia.es\/geoportal\/\"><strong>EMT<\/strong><\/a>.<\/p><p>En veh\u00edculo privado, saliendo desde <b>Valencia<\/b>, se llega hasta El Palmar por la <b>V-15<\/b> y despu\u00e9s la <b>CV-500<\/b> que atraviesa el parque hasta la rotonda que indica la entrada a la poblaci\u00f3n.<\/p><p>En El Palmar existe una zona <b>gratuita <\/b>habilitada como <b>aparcamiento<\/b> de turismos. <\/p><p>\u00a0<\/p><p>\u00a0<\/p>\t\t\t\t\t<\/div>\n\t\t\t\t\t\t<\/div>\n\t\t\t\t<\/div>\n\t\t\t\t\t\t<\/div>\n\t\t\t\t\t<\/div>\n\t\t<\/div>\n\t\t\t\t<div class=\"elementor-column elementor-col-50 elementor-inner-column elementor-element elementor-element-150c869\" data-id=\"150c869\" data-element_type=\"column\" data-settings=\"{&quot;background_background&quot;:&quot;classic&quot;}\">\n\t\t\t<div class=\"elementor-column-wrap elementor-element-populated\">\n\t\t\t\t\t<div class=\"elementor-background-overlay\"><\/div>\n\t\t\t\t\t\t\t<div class=\"elementor-widget-wrap\">\n\t\t\t\t\t\t<div class=\"elementor-element elementor-element-f73529e elementor-widget elementor-widget-heading\" data-id=\"f73529e\" data-element_type=\"widget\" data-widget_type=\"heading.default\">\n\t\t\t\t<div class=\"elementor-widget-container\">\n\t\t\t<h2 class=\"elementor-heading-title elementor-size-default\">Info de contacto<\/h2>\t\t<\/div>\n\t\t\t\t<\/div>\n\t\t\t\t<div class=\"elementor-element elementor-element-5246e5c elementor-view-default elementor-vertical-align-top elementor-widget elementor-widget-icon-box\" data-id=\"5246e5c\" data-element_type=\"widget\" data-widget_type=\"icon-box.default\">\n\t\t\t\t<div class=\"elementor-widget-container\">\n\t\t\t\t\t<div class=\"elementor-icon-box-wrapper\">\n\t\t\t\t\t\t<div class=\"elementor-icon-box-content\">\n\t\t\t\t<h6 class=\"elementor-icon-box-title\">\n\t\t\t\t\t<span  >\n\t\t\t\t\t\tDirecci\u00f3n\t\t\t\t\t<\/span>\n\t\t\t\t<\/h6>\n\t\t\t\t\t\t\t\t\t<p class=\"elementor-icon-box-description\">\n\t\t\t\t\t\tCalle del Sant\u00edsimo Cristo de la Salud n\u00b08 - 9 | 46012 El Palmar, Valencia, Espa\u00f1a\n\t\t\t\t\t<\/p>\n\t\t\t\t\t\t\t<\/div>\n\t\t<\/div>\n\t\t\t\t<\/div>\n\t\t\t\t<\/div>\n\t\t\t\t<div class=\"elementor-element elementor-element-b3ae563 elementor-widget elementor-widget-text-editor\" data-id=\"b3ae563\" data-element_type=\"widget\" data-widget_type=\"text-editor.default\">\n\t\t\t\t<div class=\"elementor-widget-container\">\n\t\t\t\t\t\t\t\t<div class=\"elementor-text-editor elementor-clearfix\">\n\t\t\t\t<p><strong><span style=\"color: #0000ff;\"><a style=\"color: #0000ff;\" href=\"mailto:albuferaybarca@gmail.com\">albuferaybarca@gmail.com<\/a><\/span><\/strong><\/p>\t\t\t\t\t<\/div>\n\t\t\t\t\t\t<\/div>\n\t\t\t\t<\/div>\n\t\t\t\t\t\t<\/div>\n\t\t\t\t\t<\/div>\n\t\t<\/div>\n\t\t\t\t\t\t\t\t<\/div>\n\t\t\t\t\t<\/div>\n\t\t<\/section>\n\t\t\t\t<div class=\"elementor-element elementor-element-55f2587 elementor-widget elementor-widget-text-editor\" data-id=\"55f2587\" data-element_type=\"widget\" data-widget_type=\"text-editor.default\">\n\t\t\t\t<div class=\"elementor-widget-container\">\n\t\t\t\t\t\t\t\t<div class=\"elementor-text-editor elementor-clearfix\">\n\t\t\t\t<p style=\"text-align: center;\"><span style=\"color: #0000ff;\"><strong>679 16 39 63<\/strong><\/span><\/p>\t\t\t\t\t<\/div>\n\t\t\t\t\t\t<\/div>\n\t\t\t\t<\/div>\n\t\t\t\t<div class=\"elementor-element elementor-element-0ae7e4a elementor-widget elementor-widget-google_maps\" data-id=\"0ae7e4a\" data-element_type=\"widget\" data-widget_type=\"google_maps.default\">\n\t\t\t\t<div class=\"elementor-widget-container\">\n\t\t\t\t\t<div class=\"elementor-custom-embed\">\n\t\t\t<iframe frameborder=\"0\" scrolling=\"no\" marginheight=\"0\" marginwidth=\"0\"\n\t\t\t\t\tsrc=\"https:\/\/maps.google.com\/maps?q=El%20Palmar%2046012%2C%20Calle%20del%20Sant%C3%ADsimo%20Cristo%20de%20la%20Salud%2C%208-9%20Paseos%20en%20barca%20Jaume&#038;t=m&#038;z=14&#038;output=embed&#038;iwloc=near\"\n\t\t\t\t\ttitle=\"El Palmar 46012, Calle del Sant\u00edsimo Cristo de la Salud, 8-9 Paseos en barca Jaume\"\n\t\t\t\t\taria-label=\"El Palmar 46012, Calle del Sant\u00edsimo Cristo de la Salud, 8-9 Paseos en barca Jaume\"\n\t\t\t><\/iframe>\n\t\t<\/div>\n\t\t\t\t<\/div>\n\t\t\t\t<\/div>\n\t\t\t\t<div class=\"elementor-element elementor-element-f0bded9 elementor-shape-circle elementor-grid-0 e-grid-align-center elementor-widget elementor-widget-social-icons\" data-id=\"f0bded9\" data-element_type=\"widget\" data-widget_type=\"social-icons.default\">\n\t\t\t\t<div class=\"elementor-widget-container\">\n\t\t\t\t\t<div class=\"elementor-social-icons-wrapper elementor-grid\">\n\t\t\t\t\t\t\t<span class=\"elementor-grid-item\">\n\t\t\t\t\t<a class=\"elementor-icon elementor-social-icon elementor-social-icon-facebook elementor-repeater-item-aa7dcd9\" href=\"https:\/\/www.facebook.com\/pages\/category\/Tour-Agency\/Paseos-en-barca-Jaume-483476355038092\/\" target=\"_blank\">\n\t\t\t\t\t\t<span class=\"elementor-screen-only\">Facebook<\/span>\n\t\t\t\t\t\t<i class=\"fab fa-facebook\"><\/i>\t\t\t\t\t<\/a>\n\t\t\t\t<\/span>\n\t\t\t\t\t\t\t<span class=\"elementor-grid-item\">\n\t\t\t\t\t<a class=\"elementor-icon elementor-social-icon elementor-social-icon-youtube elementor-repeater-item-93995a0\" href=\"https:\/\/www.youtube.com\/watch?v=iGMw8IdeH4Q\" target=\"_blank\">\n\t\t\t\t\t\t<span class=\"elementor-screen-only\">Youtube<\/span>\n\t\t\t\t\t\t<i class=\"fab fa-youtube\"><\/i>\t\t\t\t\t<\/a>\n\t\t\t\t<\/span>\n\t\t\t\t\t\t\t<span class=\"elementor-grid-item\">\n\t\t\t\t\t<a class=\"elementor-icon elementor-social-icon elementor-social-icon-Logo-instagram elementor-repeater-item-23df019\" href=\"https:\/\/www.instagram.com\/paseosenbarca.albuferajaume\/\" target=\"_blank\">\n\t\t\t\t\t\t<span class=\"elementor-screen-only\">Logo-instagram<\/span>\n\t\t\t\t\t\t<svg xmlns=\"http:\/\/www.w3.org\/2000\/svg\" viewBox=\"0 0 2500 2500\" width=\"2500\" height=\"2500\"><defs><radialGradient id=\"0\" cx=\"332.14\" cy=\"2511.81\" r=\"3263.54\" gradientUnits=\"userSpaceOnUse\"><stop offset=\".09\" stop-color=\"#fa8f21\"><\/stop><stop offset=\".78\" stop-color=\"#d82d7e\"><\/stop><\/radialGradient><radialGradient id=\"1\" cx=\"1516.14\" cy=\"2623.81\" r=\"2572.12\" gradientUnits=\"userSpaceOnUse\"><stop offset=\".64\" stop-color=\"#8c3aaa\" stop-opacity=\"0\"><\/stop><stop offset=\"1\" stop-color=\"#8c3aaa\"><\/stop><\/radialGradient><\/defs><path d=\"M833.4,1250c0-230.11,186.49-416.7,416.6-416.7s416.7,186.59,416.7,416.7-186.59,416.7-416.7,416.7S833.4,1480.11,833.4,1250m-225.26,0c0,354.5,287.36,641.86,641.86,641.86S1891.86,1604.5,1891.86,1250,1604.5,608.14,1250,608.14,608.14,895.5,608.14,1250M1767.27,582.69a150,150,0,1,0,150.06-149.94h-0.06a150.07,150.07,0,0,0-150,149.94M745,2267.47c-121.87-5.55-188.11-25.85-232.13-43-58.36-22.72-100-49.78-143.78-93.5s-70.88-85.32-93.5-143.68c-17.16-44-37.46-110.26-43-232.13-6.06-131.76-7.27-171.34-7.27-505.15s1.31-373.28,7.27-505.15c5.55-121.87,26-188,43-232.13,22.72-58.36,49.78-100,93.5-143.78s85.32-70.88,143.78-93.5c44-17.16,110.26-37.46,232.13-43,131.76-6.06,171.34-7.27,505-7.27s373.28,1.31,505.15,7.27c121.87,5.55,188,26,232.13,43,58.36,22.62,100,49.78,143.78,93.5s70.78,85.42,93.5,143.78c17.16,44,37.46,110.26,43,232.13,6.06,131.87,7.27,171.34,7.27,505.15s-1.21,373.28-7.27,505.15c-5.55,121.87-25.95,188.11-43,232.13-22.72,58.36-49.78,100-93.5,143.68s-85.42,70.78-143.78,93.5c-44,17.16-110.26,37.46-232.13,43-131.76,6.06-171.34,7.27-505.15,7.27s-373.28-1.21-505-7.27M734.65,7.57c-133.07,6.06-224,27.16-303.41,58.06C349,97.54,279.38,140.35,209.81,209.81S97.54,349,65.63,431.24c-30.9,79.46-52,170.34-58.06,303.41C1.41,867.93,0,910.54,0,1250s1.41,382.07,7.57,515.35c6.06,133.08,27.16,223.95,58.06,303.41,31.91,82.19,74.62,152,144.18,221.43S349,2402.37,431.24,2434.37c79.56,30.9,170.34,52,303.41,58.06C868,2498.49,910.54,2500,1250,2500s382.07-1.41,515.35-7.57c133.08-6.06,223.95-27.16,303.41-58.06,82.19-32,151.86-74.72,221.43-144.18s112.18-139.24,144.18-221.43c30.9-79.46,52.1-170.34,58.06-303.41,6.06-133.38,7.47-175.89,7.47-515.35s-1.41-382.07-7.47-515.35c-6.06-133.08-27.16-224-58.06-303.41-32-82.19-74.72-151.86-144.18-221.43S2150.95,97.54,2068.86,65.63c-79.56-30.9-170.44-52.1-303.41-58.06C1632.17,1.51,1589.56,0,1250.1,0S868,1.41,734.65,7.57\" fill=\"url(#0)\"><\/path><path d=\"M833.4,1250c0-230.11,186.49-416.7,416.6-416.7s416.7,186.59,416.7,416.7-186.59,416.7-416.7,416.7S833.4,1480.11,833.4,1250m-225.26,0c0,354.5,287.36,641.86,641.86,641.86S1891.86,1604.5,1891.86,1250,1604.5,608.14,1250,608.14,608.14,895.5,608.14,1250M1767.27,582.69a150,150,0,1,0,150.06-149.94h-0.06a150.07,150.07,0,0,0-150,149.94M745,2267.47c-121.87-5.55-188.11-25.85-232.13-43-58.36-22.72-100-49.78-143.78-93.5s-70.88-85.32-93.5-143.68c-17.16-44-37.46-110.26-43-232.13-6.06-131.76-7.27-171.34-7.27-505.15s1.31-373.28,7.27-505.15c5.55-121.87,26-188,43-232.13,22.72-58.36,49.78-100,93.5-143.78s85.32-70.88,143.78-93.5c44-17.16,110.26-37.46,232.13-43,131.76-6.06,171.34-7.27,505-7.27s373.28,1.31,505.15,7.27c121.87,5.55,188,26,232.13,43,58.36,22.62,100,49.78,143.78,93.5s70.78,85.42,93.5,143.78c17.16,44,37.46,110.26,43,232.13,6.06,131.87,7.27,171.34,7.27,505.15s-1.21,373.28-7.27,505.15c-5.55,121.87-25.95,188.11-43,232.13-22.72,58.36-49.78,100-93.5,143.68s-85.42,70.78-143.78,93.5c-44,17.16-110.26,37.46-232.13,43-131.76,6.06-171.34,7.27-505.15,7.27s-373.28-1.21-505-7.27M734.65,7.57c-133.07,6.06-224,27.16-303.41,58.06C349,97.54,279.38,140.35,209.81,209.81S97.54,349,65.63,431.24c-30.9,79.46-52,170.34-58.06,303.41C1.41,867.93,0,910.54,0,1250s1.41,382.07,7.57,515.35c6.06,133.08,27.16,223.95,58.06,303.41,31.91,82.19,74.62,152,144.18,221.43S349,2402.37,431.24,2434.37c79.56,30.9,170.34,52,303.41,58.06C868,2498.49,910.54,2500,1250,2500s382.07-1.41,515.35-7.57c133.08-6.06,223.95-27.16,303.41-58.06,82.19-32,151.86-74.72,221.43-144.18s112.18-139.24,144.18-221.43c30.9-79.46,52.1-170.34,58.06-303.41,6.06-133.38,7.47-175.89,7.47-515.35s-1.41-382.07-7.47-515.35c-6.06-133.08-27.16-224-58.06-303.41-32-82.19-74.72-151.86-144.18-221.43S2150.95,97.54,2068.86,65.63c-79.56-30.9-170.44-52.1-303.41-58.06C1632.17,1.51,1589.56,0,1250.1,0S868,1.41,734.65,7.57\" fill=\"url(#1)\"><\/path><\/svg>\t\t\t\t\t<\/a>\n\t\t\t\t<\/span>\n\t\t\t\t\t\t\t<span class=\"elementor-grid-item\">\n\t\t\t\t\t<a class=\"elementor-icon elementor-social-icon elementor-social-icon-pinterest elementor-repeater-item-1e5d1c5\" href=\"https:\/\/www.pinterest.es\/ignaciodepetra\/albufera-valencia-spain\/\" target=\"_blank\">\n\t\t\t\t\t\t<span class=\"elementor-screen-only\">Pinterest<\/span>\n\t\t\t\t\t\t<i class=\"fab fa-pinterest\"><\/i>\t\t\t\t\t<\/a>\n\t\t\t\t<\/span>\n\t\t\t\t\t<\/div>\n\t\t\t\t<\/div>\n\t\t\t\t<\/div>\n\t\t\t\t\t\t<\/div>\n\t\t\t\t\t<\/div>\n\t\t<\/div>\n\t\t\t\t\t\t\t\t<\/div>\n\t\t\t\t\t<\/div>\n\t\t<\/section>\n\t\t\t\t<section class=\"elementor-section elementor-top-section elementor-element elementor-element-5891d72 elementor-section-boxed elementor-section-height-default elementor-section-height-default\" data-id=\"5891d72\" data-element_type=\"section\">\n\t\t\t\t\t\t<div class=\"elementor-container elementor-column-gap-default\">\n\t\t\t\t\t\t\t<div class=\"elementor-row\">\n\t\t\t\t\t<div class=\"elementor-column elementor-col-100 elementor-top-column elementor-element elementor-element-0a89589\" data-id=\"0a89589\" data-element_type=\"column\">\n\t\t\t<div class=\"elementor-column-wrap elementor-element-populated\">\n\t\t\t\t\t\t\t<div class=\"elementor-widget-wrap\">\n\t\t\t\t\t\t<section class=\"elementor-section elementor-inner-section elementor-element elementor-element-20077ac elementor-section-boxed elementor-section-height-default elementor-section-height-default\" data-id=\"20077ac\" data-element_type=\"section\">\n\t\t\t\t\t\t<div class=\"elementor-container elementor-column-gap-default\">\n\t\t\t\t\t\t\t<div class=\"elementor-row\">\n\t\t\t\t\t<div class=\"elementor-column elementor-col-100 elementor-inner-column elementor-element elementor-element-cec650b\" data-id=\"cec650b\" data-element_type=\"column\">\n\t\t\t<div class=\"elementor-column-wrap\">\n\t\t\t\t\t\t\t<div class=\"elementor-widget-wrap\">\n\t\t\t\t\t\t\t\t<\/div>\n\t\t\t\t\t<\/div>\n\t\t<\/div>\n\t\t\t\t\t\t\t\t<\/div>\n\t\t\t\t\t<\/div>\n\t\t<\/section>\n\t\t\t\t\t\t<\/div>\n\t\t\t\t\t<\/div>\n\t\t<\/div>\n\t\t\t\t\t\t\t\t<\/div>\n\t\t\t\t\t<\/div>\n\t\t<\/section>\n\t\t\t\t\t\t\t\t\t<\/div>\n\t\t\t<\/div>\n\t\t\t\t\t<\/div>\n\t\t","protected":false},"excerpt":{"rendered":"<p>Contacto d\u00f3nde estamos El Palmar es una pedan\u00eda de la ciudad de Valencia. Es accesible mediante el bus n\u00ba 24 de la EMT. En veh\u00edculo privado, saliendo desde Valencia, se llega hasta El Palmar por la V-15 y despu\u00e9s la CV-500 que atraviesa el parque hasta la rotonda que indica la entrada a la poblaci\u00f3n. &hellip;<\/p>\n<p class=\"read-more\"> <a class=\"\" href=\"https:\/\/www.paseosenbarcaalbufera.site\/copia_web\/?page_id=452\"> <span class=\"screen-reader-text\">Contacto<\/span> Leer m\u00e1s &raquo;<\/a><\/p>\n","protected":false},"author":1,"featured_media":0,"parent":0,"menu_order":0,"comment_status":"closed","ping_status":"closed","template":"","meta":{"_mi_skip_tracking":false,"_joinchat":[]},"_links":{"self":[{"href":"https:\/\/www.paseosenbarcaalbufera.site\/copia_web\/index.php?rest_route=\/wp\/v2\/pages\/452"}],"collection":[{"href":"https:\/\/www.paseosenbarcaalbufera.site\/copia_web\/index.php?rest_route=\/wp\/v2\/pages"}],"about":[{"href":"https:\/\/www.paseosenbarcaalbufera.site\/copia_web\/index.php?rest_route=\/wp\/v2\/types\/page"}],"author":[{"embeddable":true,"href":"https:\/\/www.paseosenbarcaalbufera.site\/copia_web\/index.php?rest_route=\/wp\/v2\/users\/1"}],"replies":[{"embeddable":true,"href":"https:\/\/www.paseosenbarcaalbufera.site\/copia_web\/index.php?rest_route=%2Fwp%2Fv2%2Fcomments&post=452"}],"version-history":[{"count":17,"href":"https:\/\/www.paseosenbarcaalbufera.site\/copia_web\/index.php?rest_route=\/wp\/v2\/pages\/452\/revisions"}],"predecessor-version":[{"id":836,"href":"https:\/\/www.paseosenbarcaalbufera.site\/copia_web\/index.php?rest_route=\/wp\/v2\/pages\/452\/revisions\/836"}],"wp:attachment":[{"href":"https:\/\/www.paseosenbarcaalbufera.site\/copia_web\/index.php?rest_route=%2Fwp%2Fv2%2Fmedia&parent=452"}],"curies":[{"name":"wp","href":"https:\/\/api.w.org\/{rel}","templated":true}]}}